{"id":53,"date":"2025-12-09T09:52:39","date_gmt":"2025-12-09T09:52:39","guid":{"rendered":"https:\/\/75systems.com\/about\/"},"modified":"2026-04-07T03:42:57","modified_gmt":"2026-04-07T03:42:57","slug":"about","status":"publish","type":"page","link":"https:\/\/75systems.com\/es\/about\/","title":{"rendered":"About"},"content":{"rendered":"<div data-elementor-type=\"wp-page\" data-elementor-id=\"53\" class=\"elementor elementor-53\" data-elementor-post-type=\"page\">\n\t\t\t\t<div class=\"elementor-element elementor-element-6156046 e-flex e-con-boxed e-con e-parent\" data-id=\"6156046\" data-element_type=\"container\" data-e-type=\"container\">\n\t\t\t\t\t<div class=\"e-con-inner\">\n\t\t<div class=\"elementor-element elementor-element-71b1bd7 e-con-full e-flex e-con e-child\" data-id=\"71b1bd7\" data-element_type=\"container\" data-e-type=\"container\">\n\t\t\t\t<div class=\"elementor-element elementor-element-a044159 elementor-widget elementor-widget-heading\" data-id=\"a044159\" data-element_type=\"widget\" data-e-type=\"widget\" data-widget_type=\"heading.default\">\n\t\t\t\t\t<h1 class=\"elementor-heading-title elementor-size-default\">Qu\u00e9 es 75 Systems?<\/h1>\t\t\t\t<\/div>\n\t\t\t\t<div class=\"elementor-element elementor-element-f878b8a elementor-widget elementor-widget-text-editor\" data-id=\"f878b8a\" data-element_type=\"widget\" data-e-type=\"widget\" data-widget_type=\"text-editor.default\">\n\t\t\t\t\t\t\t\t\t<p>Es un nuevo enfoque unificado de 75 sistemas para mejorar nuestro rendimiento en el billar de tres bandas con un conocimiento completo y\nprofundo.<\/p>\t\t\t\t\t\t\t\t<\/div>\n\t\t\t\t<\/div>\n\t\t<div class=\"elementor-element elementor-element-492ad59 e-con-full e-flex e-con e-child\" data-id=\"492ad59\" data-element_type=\"container\" data-e-type=\"container\">\n\t\t\t\t<div class=\"elementor-element elementor-element-d1f50b6 elementor-widget elementor-widget-image\" data-id=\"d1f50b6\" data-element_type=\"widget\" data-e-type=\"widget\" data-widget_type=\"image.default\">\n\t\t\t\t\t<style>.elementor-element-d1f50b6{display:none !important}<\/style>\t\t\t\t<\/div>\n\t\t\t\t<div class=\"elementor-element elementor-element-ab01fcf elementor-widget elementor-widget-image\" data-id=\"ab01fcf\" data-element_type=\"widget\" data-e-type=\"widget\" data-widget_type=\"image.default\">\n\t\t\t\t\t<style>.elementor-element-ab01fcf{display:none !important}<\/style>\t\t\t\t<\/div>\n\t\t\t\t<div class=\"elementor-element elementor-element-f340205 elementor-widget elementor-widget-image\" data-id=\"f340205\" data-element_type=\"widget\" data-e-type=\"widget\" data-widget_type=\"image.default\">\n\t\t\t\t\t\t\t\t\t\t\t\t\t\t\t<img fetchpriority=\"high\" decoding=\"async\" width=\"1024\" height=\"554\" src=\"https:\/\/75systems.com\/wp-content\/uploads\/2026\/02\/slider-spanish-1024x554.png\" class=\"attachment-large size-large wp-image-1589\" alt=\"75 Systems spanish\" srcset=\"https:\/\/75systems.com\/wp-content\/uploads\/2026\/02\/slider-spanish-1024x554.png 1024w, https:\/\/75systems.com\/wp-content\/uploads\/2026\/02\/slider-spanish-300x162.png 300w, https:\/\/75systems.com\/wp-content\/uploads\/2026\/02\/slider-spanish-768x415.png 768w, https:\/\/75systems.com\/wp-content\/uploads\/2026\/02\/slider-spanish-1536x830.png 1536w, https:\/\/75systems.com\/wp-content\/uploads\/2026\/02\/slider-spanish-18x10.png 18w, https:\/\/75systems.com\/wp-content\/uploads\/2026\/02\/slider-spanish-600x324.png 600w, https:\/\/75systems.com\/wp-content\/uploads\/2026\/02\/slider-spanish.png 1920w\" sizes=\"(max-width: 1024px) 100vw, 1024px\" \/>\t\t\t\t\t\t\t\t\t\t\t\t\t\t\t<\/div>\n\t\t\t\t<div class=\"elementor-element elementor-element-aebaeb7 elementor-widget elementor-widget-image\" data-id=\"aebaeb7\" data-element_type=\"widget\" data-e-type=\"widget\" data-widget_type=\"image.default\">\n\t\t\t\t\t<style>.elementor-element-aebaeb7{display:none !important}<\/style>\t\t\t\t<\/div>\n\t\t\t\t<\/div>\n\t\t\t\t\t<\/div>\n\t\t\t\t<\/div>\n\t\t<div class=\"elementor-element elementor-element-ee9b4d3 e-con-full e-flex e-con e-parent\" data-id=\"ee9b4d3\" data-element_type=\"container\" data-e-type=\"container\" data-settings=\"{&quot;background_background&quot;:&quot;classic&quot;}\">\n\t\t\t\t<div class=\"elementor-element elementor-element-f5bfcf0 elementor-widget elementor-widget-heading\" data-id=\"f5bfcf0\" data-element_type=\"widget\" data-e-type=\"widget\" data-widget_type=\"heading.default\">\n\t\t\t\t\t<h2 class=\"elementor-heading-title elementor-size-default\">4 idiomas<\/h2>\t\t\t\t<\/div>\n\t\t\t\t<div class=\"elementor-element elementor-element-b3dd495 elementor-widget elementor-widget-heading\" data-id=\"b3dd495\" data-element_type=\"widget\" data-e-type=\"widget\" data-widget_type=\"heading.default\">\n\t\t\t\t\t<h2 class=\"elementor-heading-title elementor-size-default\">Puedes encontrar el libro de dos vol\u00famenes de 75 Systems\n<\/h2>\t\t\t\t<\/div>\n\t\t\t\t<\/div>\n\t\t<div class=\"elementor-element elementor-element-6a2b6e9 e-flex e-con-boxed e-con e-parent\" data-id=\"6a2b6e9\" data-element_type=\"container\" data-e-type=\"container\" data-settings=\"{&quot;background_background&quot;:&quot;classic&quot;}\">\n\t\t\t\t\t<div class=\"e-con-inner\">\n\t\t<div class=\"elementor-element elementor-element-d2854d6 e-con-full e-flex e-con e-child\" data-id=\"d2854d6\" data-element_type=\"container\" data-e-type=\"container\">\n\t\t\t\t<div class=\"elementor-element elementor-element-6087bba elementor-widget elementor-widget-heading\" data-id=\"6087bba\" data-element_type=\"widget\" data-e-type=\"widget\" data-widget_type=\"heading.default\">\n\t\t\t\t\t<h2 class=\"elementor-heading-title elementor-size-default\"><a href=\"https:\/\/www.captainbook.gr\/book\/el-billar-a-3-bandas---75-sistemas-9786188421745\">Ingl\u00e9s<\/a><\/h2>\t\t\t\t<\/div>\n\t\t\t\t<div class=\"elementor-element elementor-element-6c52b3c elementor-widget elementor-widget-image\" data-id=\"6c52b3c\" data-element_type=\"widget\" data-e-type=\"widget\" data-widget_type=\"image.default\">\n\t\t\t\t\t\t\t\t\t\t\t\t\t\t\t\t<a href=\"https:\/\/www.captainbook.gr\/book\/el-billar-a-3-bandas---75-sistemas-9786188421745\">\n\t\t\t\t\t\t\t<img decoding=\"async\" width=\"300\" height=\"180\" src=\"https:\/\/75systems.com\/wp-content\/uploads\/2026\/02\/english-300x180.jpg\" class=\"attachment-medium size-medium wp-image-1119\" alt=\"English language flag\" srcset=\"https:\/\/75systems.com\/wp-content\/uploads\/2026\/02\/english-300x180.jpg 300w, https:\/\/75systems.com\/wp-content\/uploads\/2026\/02\/english-768x461.jpg 768w, https:\/\/75systems.com\/wp-content\/uploads\/2026\/02\/english-18x12.jpg 18w, https:\/\/75systems.com\/wp-content\/uploads\/2026\/02\/english-600x360.jpg 600w, https:\/\/75systems.com\/wp-content\/uploads\/2026\/02\/english.jpg 1000w\" sizes=\"(max-width: 300px) 100vw, 300px\" \/>\t\t\t\t\t\t\t\t<\/a>\n\t\t\t\t\t\t\t\t\t\t\t\t\t\t\t<\/div>\n\t\t\t\t<div class=\"elementor-element elementor-element-d787b7d elementor-widget elementor-widget-text-editor\" data-id=\"d787b7d\" data-element_type=\"widget\" data-e-type=\"widget\" data-widget_type=\"text-editor.default\">\n\t\t\t\t\t\t\t\t\t<p>Tambi\u00e9n puedes comprar la versi\u00f3n en ingl\u00e9s del libro 75 Systems en <a href=\"https:\/\/store.kozoom.com\/en\/3-cushion-billiard-75-systems-dimitris-manouras.html\">Kozoom. Click here<\/a><\/p>\t\t\t\t\t\t\t\t<\/div>\n\t\t\t\t<\/div>\n\t\t<div class=\"elementor-element elementor-element-f5071d0 e-con-full e-flex e-con e-child\" data-id=\"f5071d0\" data-element_type=\"container\" data-e-type=\"container\">\n\t\t\t\t<div class=\"elementor-element elementor-element-b8449eb elementor-widget elementor-widget-heading\" data-id=\"b8449eb\" data-element_type=\"widget\" data-e-type=\"widget\" data-widget_type=\"heading.default\">\n\t\t\t\t\t<h2 class=\"elementor-heading-title elementor-size-default\"><a href=\"https:\/\/www.captainbook.gr\/book\/3-cushion-billiard---75-systems-korean-language-9786188421752\">Coreano<\/a><\/h2>\t\t\t\t<\/div>\n\t\t\t\t<div class=\"elementor-element elementor-element-7dfce58 elementor-widget elementor-widget-image\" data-id=\"7dfce58\" data-element_type=\"widget\" data-e-type=\"widget\" data-widget_type=\"image.default\">\n\t\t\t\t\t\t\t\t\t\t\t\t\t\t\t\t<a href=\"https:\/\/www.captainbook.gr\/book\/3-cushion-billiard---75-systems-korean-language-9786188421752\">\n\t\t\t\t\t\t\t<img decoding=\"async\" width=\"300\" height=\"180\" src=\"https:\/\/75systems.com\/wp-content\/uploads\/2026\/02\/korea-300x180.jpg\" class=\"attachment-medium size-medium wp-image-1121\" alt=\"Korean language flag\" srcset=\"https:\/\/75systems.com\/wp-content\/uploads\/2026\/02\/korea-300x180.jpg 300w, https:\/\/75systems.com\/wp-content\/uploads\/2026\/02\/korea-768x461.jpg 768w, https:\/\/75systems.com\/wp-content\/uploads\/2026\/02\/korea-18x12.jpg 18w, https:\/\/75systems.com\/wp-content\/uploads\/2026\/02\/korea-600x360.jpg 600w, https:\/\/75systems.com\/wp-content\/uploads\/2026\/02\/korea.jpg 1000w\" sizes=\"(max-width: 300px) 100vw, 300px\" \/>\t\t\t\t\t\t\t\t<\/a>\n\t\t\t\t\t\t\t\t\t\t\t\t\t\t\t<\/div>\n\t\t\t\t<div class=\"elementor-element elementor-element-1811af6 elementor-widget elementor-widget-text-editor\" data-id=\"1811af6\" data-element_type=\"widget\" data-e-type=\"widget\" data-widget_type=\"text-editor.default\">\n\t\t\t\t\t\t\t\t\t<p>Tambi\u00e9n puedes comprar la versi\u00f3n coreana del libro 75 Systems en <a href=\"https:\/\/www-universal--kor-com.translate.goog\/shop\/detail.php?pno=F7E2B2B75B04175610E5A00C1E221EBB&amp;rURL=https:\/\/www.universal-kor.com\/shop\/big_section.php?cno1%3D1067&amp;ctype=1&amp;cno1=1067&amp;_x_tr_sl=ko&amp;_x_tr_tl=el&amp;_x_tr_hl=el&amp;_x_tr_pto=nui,sc,elem\">Universal Korea. Click here<\/a><\/p>\t\t\t\t\t\t\t\t<\/div>\n\t\t\t\t<\/div>\n\t\t<div class=\"elementor-element elementor-element-f4afdae e-con-full e-flex e-con e-child\" data-id=\"f4afdae\" data-element_type=\"container\" data-e-type=\"container\">\n\t\t\t\t<div class=\"elementor-element elementor-element-cd84680 elementor-widget elementor-widget-heading\" data-id=\"cd84680\" data-element_type=\"widget\" data-e-type=\"widget\" data-widget_type=\"heading.default\">\n\t\t\t\t\t<h2 class=\"elementor-heading-title elementor-size-default\"><a href=\"https:\/\/www.captainbook.gr\/book\/trisponto-mpiliardo-75-sustimata-9786188421707\">Griego<\/a><\/h2>\t\t\t\t<\/div>\n\t\t\t\t<div class=\"elementor-element elementor-element-981f568 elementor-widget elementor-widget-image\" data-id=\"981f568\" data-element_type=\"widget\" data-e-type=\"widget\" data-widget_type=\"image.default\">\n\t\t\t\t\t\t\t\t\t\t\t\t\t\t\t\t<a href=\"https:\/\/www.captainbook.gr\/book\/trisponto-mpiliardo-75-sustimata-9786188421707\">\n\t\t\t\t\t\t\t<img loading=\"lazy\" decoding=\"async\" width=\"300\" height=\"180\" src=\"https:\/\/75systems.com\/wp-content\/uploads\/2026\/02\/greek-300x180.jpg\" class=\"attachment-medium size-medium wp-image-1120\" alt=\"Greek language flag\" srcset=\"https:\/\/75systems.com\/wp-content\/uploads\/2026\/02\/greek-300x180.jpg 300w, https:\/\/75systems.com\/wp-content\/uploads\/2026\/02\/greek-768x461.jpg 768w, https:\/\/75systems.com\/wp-content\/uploads\/2026\/02\/greek-18x12.jpg 18w, https:\/\/75systems.com\/wp-content\/uploads\/2026\/02\/greek-600x360.jpg 600w, https:\/\/75systems.com\/wp-content\/uploads\/2026\/02\/greek.jpg 1000w\" sizes=\"(max-width: 300px) 100vw, 300px\" \/>\t\t\t\t\t\t\t\t<\/a>\n\t\t\t\t\t\t\t\t\t\t\t\t\t\t\t<\/div>\n\t\t\t\t<\/div>\n\t\t<div class=\"elementor-element elementor-element-f3eade4 e-con-full e-flex e-con e-child\" data-id=\"f3eade4\" data-element_type=\"container\" data-e-type=\"container\">\n\t\t\t\t<div class=\"elementor-element elementor-element-4264e7f elementor-widget elementor-widget-heading\" data-id=\"4264e7f\" data-element_type=\"widget\" data-e-type=\"widget\" data-widget_type=\"heading.default\">\n\t\t\t\t\t<h2 class=\"elementor-heading-title elementor-size-default\"><a href=\"https:\/\/www.captainbook.gr\/book\/el-billar-a-3-bandas---75-sistemas-9786188421745\">Espa\u00f1ol<\/a><\/h2>\t\t\t\t<\/div>\n\t\t\t\t<div class=\"elementor-element elementor-element-c751f31 elementor-widget elementor-widget-image\" data-id=\"c751f31\" data-element_type=\"widget\" data-e-type=\"widget\" data-widget_type=\"image.default\">\n\t\t\t\t\t\t\t\t\t\t\t\t\t\t\t\t<a href=\"https:\/\/www.captainbook.gr\/book\/el-billar-a-3-bandas---75-sistemas-9786188421745\">\n\t\t\t\t\t\t\t<img loading=\"lazy\" decoding=\"async\" width=\"300\" height=\"180\" src=\"https:\/\/75systems.com\/wp-content\/uploads\/2026\/02\/spain-300x180.jpg\" class=\"attachment-medium size-medium wp-image-1122\" alt=\"Spanish language flag\" srcset=\"https:\/\/75systems.com\/wp-content\/uploads\/2026\/02\/spain-300x180.jpg 300w, https:\/\/75systems.com\/wp-content\/uploads\/2026\/02\/spain-768x461.jpg 768w, https:\/\/75systems.com\/wp-content\/uploads\/2026\/02\/spain-18x12.jpg 18w, https:\/\/75systems.com\/wp-content\/uploads\/2026\/02\/spain-600x360.jpg 600w, https:\/\/75systems.com\/wp-content\/uploads\/2026\/02\/spain.jpg 1000w\" sizes=\"(max-width: 300px) 100vw, 300px\" \/>\t\t\t\t\t\t\t\t<\/a>\n\t\t\t\t\t\t\t\t\t\t\t\t\t\t\t<\/div>\n\t\t\t\t<\/div>\n\t\t\t\t\t<\/div>\n\t\t\t\t<\/div>\n\t\t<div class=\"elementor-element elementor-element-32303f4 e-con-full e-flex e-con e-parent\" data-id=\"32303f4\" data-element_type=\"container\" data-e-type=\"container\">\n\t\t<div class=\"elementor-element elementor-element-0dce174 elementor-hidden-mobile e-flex e-con-boxed e-con e-child\" data-id=\"0dce174\" data-element_type=\"container\" data-e-type=\"container\">\n\t\t\t\t\t<div class=\"e-con-inner\">\n\t\t<div class=\"elementor-element elementor-element-9d4d7f5 e-con-full e-flex e-con e-child\" data-id=\"9d4d7f5\" data-element_type=\"container\" data-e-type=\"container\">\n\t\t\t\t<div class=\"elementor-element elementor-element-b0ae144 elementor-widget elementor-widget-image\" data-id=\"b0ae144\" data-element_type=\"widget\" data-e-type=\"widget\" data-widget_type=\"image.default\">\n\t\t\t\t\t\t\t\t\t\t\t\t\t\t\t<img loading=\"lazy\" decoding=\"async\" width=\"347\" height=\"520\" src=\"https:\/\/75systems.com\/wp-content\/uploads\/2026\/02\/book1-spanish.png\" class=\"attachment-large size-large wp-image-838\" alt=\"75 systems book greek\" srcset=\"https:\/\/75systems.com\/wp-content\/uploads\/2026\/02\/book1-spanish.png 347w, https:\/\/75systems.com\/wp-content\/uploads\/2026\/02\/book1-spanish-200x300.png 200w, https:\/\/75systems.com\/wp-content\/uploads\/2026\/02\/book1-spanish-8x12.png 8w\" sizes=\"(max-width: 347px) 100vw, 347px\" \/>\t\t\t\t\t\t\t\t\t\t\t\t\t\t\t<\/div>\n\t\t<div class=\"elementor-element elementor-element-d0d33c8 e-con-full e-flex e-con e-child\" data-id=\"d0d33c8\" data-element_type=\"container\" data-e-type=\"container\">\n\t\t\t\t<div class=\"elementor-element elementor-element-37a4821 elementor-widget elementor-widget-text-editor\" data-id=\"37a4821\" data-element_type=\"widget\" data-e-type=\"widget\" data-widget_type=\"text-editor.default\">\n\t\t\t\t\t\t\t\t\t<p>Urjo a todos a que se dediquen con seriedad a este deporte y si lo aman, pueden estar seguros de que su tiempo libre se llenar\u00e1 con energ\u00eda, creativa la cual b\u00e1sicamente lleva a una vida m\u00e1s larga y mejor.<\/p><div>\u00a0<\/div>\t\t\t\t\t\t\t\t<\/div>\n\t\t\t\t<\/div>\n\t\t\t\t<\/div>\n\t\t<div class=\"elementor-element elementor-element-533c2dd e-con-full e-flex e-con e-child\" data-id=\"533c2dd\" data-element_type=\"container\" data-e-type=\"container\">\n\t\t\t\t<div class=\"elementor-element elementor-element-e40763a elementor-widget elementor-widget-heading\" data-id=\"e40763a\" data-element_type=\"widget\" data-e-type=\"widget\" data-widget_type=\"heading.default\">\n\t\t\t\t\t<h2 class=\"elementor-heading-title elementor-size-default\">SOBRE EL LIBRO<\/h2>\t\t\t\t<\/div>\n\t\t\t\t<div class=\"elementor-element elementor-element-d300c87 elementor-widget elementor-widget-text-editor\" data-id=\"d300c87\" data-element_type=\"widget\" data-e-type=\"widget\" data-widget_type=\"text-editor.default\">\n\t\t\t\t\t\t\t\t\t<p>El Billar a 3 Bandas requiere:<br \/>La habilidad de concentrarse para realizar las tacadas con precisi\u00f3n, ya que tienen que mantener el equilibrio entre la planificaci\u00f3n de la estrategia, los ataques, la defensa y la predicci\u00f3n.\nEn este libro presento un m\u00e9todo nuevo de 75 Sistemas en el Billar a 3 Bandas, para que ustedes puedan crear una base de conocimientos que mejorar\u00e1 din\u00e1micamente su juego.\nEl secreto para el mejoramiento de las habilidades de un jugador es la b\u00fasqueda constante de conocimientos nuevos.<\/p>\t\t\t\t\t\t\t\t<\/div>\n\t\t<div class=\"elementor-element elementor-element-853b572 e-con-full e-flex e-con e-child\" data-id=\"853b572\" data-element_type=\"container\" data-e-type=\"container\">\n\t\t\t\t<div class=\"elementor-element elementor-element-419bb91 elementor-widget elementor-widget-image\" data-id=\"419bb91\" data-element_type=\"widget\" data-e-type=\"widget\" data-widget_type=\"image.default\">\n\t\t\t\t\t\t\t\t\t\t\t\t\t\t\t<img loading=\"lazy\" decoding=\"async\" width=\"347\" height=\"420\" src=\"https:\/\/75systems.com\/wp-content\/uploads\/2025\/12\/book-opacity.jpg\" class=\"attachment-large size-large wp-image-839\" alt=\"75 Systems book\" srcset=\"https:\/\/75systems.com\/wp-content\/uploads\/2025\/12\/book-opacity.jpg 347w, https:\/\/75systems.com\/wp-content\/uploads\/2025\/12\/book-opacity-248x300.jpg 248w, https:\/\/75systems.com\/wp-content\/uploads\/2025\/12\/book-opacity-10x12.jpg 10w\" sizes=\"(max-width: 347px) 100vw, 347px\" \/>\t\t\t\t\t\t\t\t\t\t\t\t\t\t\t<\/div>\n\t\t\t\t<\/div>\n\t\t\t\t<\/div>\n\t\t\t\t\t<\/div>\n\t\t\t\t<\/div>\n\t\t\t\t<\/div>\n\t\t\t\t<\/div>","protected":false},"excerpt":{"rendered":"<p>What is 75 Systems: It is a New Unified Approach to 75 Systems to Improve Our Performance in<\/p>","protected":false},"author":1,"featured_media":0,"parent":0,"menu_order":0,"comment_status":"closed","ping_status":"closed","template":"elementor_header_footer","meta":{"_tutorstarter_page_metadata":[],"footnotes":""},"class_list":["post-53","page","type-page","status-publish","hentry"],"_links":{"self":[{"href":"https:\/\/75systems.com\/es\/wp-json\/wp\/v2\/pages\/53","targetHints":{"allow":["GET"]}}],"collection":[{"href":"https:\/\/75systems.com\/es\/wp-json\/wp\/v2\/pages"}],"about":[{"href":"https:\/\/75systems.com\/es\/wp-json\/wp\/v2\/types\/page"}],"author":[{"embeddable":true,"href":"https:\/\/75systems.com\/es\/wp-json\/wp\/v2\/users\/1"}],"replies":[{"embeddable":true,"href":"https:\/\/75systems.com\/es\/wp-json\/wp\/v2\/comments?post=53"}],"version-history":[{"count":42,"href":"https:\/\/75systems.com\/es\/wp-json\/wp\/v2\/pages\/53\/revisions"}],"predecessor-version":[{"id":2105,"href":"https:\/\/75systems.com\/es\/wp-json\/wp\/v2\/pages\/53\/revisions\/2105"}],"wp:attachment":[{"href":"https:\/\/75systems.com\/es\/wp-json\/wp\/v2\/media?parent=53"}],"curies":[{"name":"wp","href":"https:\/\/api.w.org\/{rel}","templated":true}]}}